{"id":211,"date":"2021-08-20T11:15:29","date_gmt":"2021-08-20T09:15:29","guid":{"rendered":"https:\/\/montanarofratelli.da-si.it\/?page_id=211"},"modified":"2023-09-19T18:07:42","modified_gmt":"2023-09-19T16:07:42","slug":"la-storia","status":"publish","type":"page","link":"http:\/\/montanaro.da-si.it\/?page_id=211","title":{"rendered":"LA NOSTRA STORIA"},"content":{"rendered":"\n<figure class=\"wp-block-gallery has-nested-images columns-default is-cropped wp-block-gallery-1 is-layout-flex wp-block-gallery-is-layout-flex\">\n<figure class=\"wp-block-image size-large is-style-default\"><img loading=\"lazy\" decoding=\"async\" width=\"1024\" height=\"585\" data-id=\"20912\" src=\"https:\/\/montanarofratelli.com\/wp-content\/uploads\/2023\/09\/panoramica-montanaro-fratelli-1-1024x585.webp\" alt=\"\" class=\"wp-image-20912\" srcset=\"http:\/\/montanaro.da-si.it\/wp-content\/uploads\/2023\/09\/panoramica-montanaro-fratelli-1-1024x585.webp 1024w, http:\/\/montanaro.da-si.it\/wp-content\/uploads\/2023\/09\/panoramica-montanaro-fratelli-1-800x457.webp 800w, http:\/\/montanaro.da-si.it\/wp-content\/uploads\/2023\/09\/panoramica-montanaro-fratelli-1-250x143.webp 250w, http:\/\/montanaro.da-si.it\/wp-content\/uploads\/2023\/09\/panoramica-montanaro-fratelli-1-768x439.webp 768w, http:\/\/montanaro.da-si.it\/wp-content\/uploads\/2023\/09\/panoramica-montanaro-fratelli-1-1536x878.webp 1536w, http:\/\/montanaro.da-si.it\/wp-content\/uploads\/2023\/09\/panoramica-montanaro-fratelli-1.webp 2000w\" sizes=\"auto, (max-width: 709px) 85vw, (max-width: 909px) 67vw, (max-width: 1362px) 62vw, 840px\" \/><figcaption class=\"wp-element-caption\"><strong>Montanaro Fratelli vista aerea<\/strong><\/figcaption><\/figure>\n<\/figure>\n\n\n\n<p>Ci voleva del coraggio e molta voglia di riscatto nel 1959 ad intraprendere un&#8217;attivit\u00e0 imprenditoriale nell&#8217;ambito meccanico-enologico. Di concreto c&#8217;erano soprattutto le eredit\u00e0 dei decenni precedenti, con la seconda guerra mondiale sopra tutto; ed in prospettiva i segnali di ripresa e di sviluppo che provenivano dalla societ\u00e0 italiana nel suo complesso non avevano ancora posto le loro radici nel settore vitivinicolo, che continuava a muoversi con la stessa improvvisazione di prima.<\/p>\n\n\n\n<p>Fu una scommessa, un&#8217;impresa difficile, ma proprio per questo affascinante, che coinvolse in pieno&nbsp;<strong>Angelo Montanaro<\/strong>, il fondatore di allora: egli veniva da una preparazione scolastica acquisita all&#8217;Istituto Professionale Statale &#8220;Castigliano&#8221; di Asti, una scuola di meccanica, e cos\u00ec,&nbsp;<strong>insieme ai due fratelli<\/strong>, decise di mettersi in proprio a&nbsp;<strong>Canelli<\/strong>, dove si avvertivano segnali di sviluppo pi\u00f9 convincenti che altrove.<\/p>\n\n\n\n<p>Gli inizi &#8211; come spesso capita &#8211; non furono facili: bisognava costruire con le poche finanze di cui si disponeva e, nello stesso tempo, si doveva imporre un nome, una garanzia professionale, una qualit\u00e0 di prodotto. Non mancarono le difficolt\u00e0, le fatiche, i pensieri, le verifiche continue. Ma alla fine, grazie alla caparbiet\u00e0 ed alla voglia di affermare il proprio mestiere, la riuscita fu concreta e la Montanaro Fratelli and\u00f2 progressivamente affermandosi in quel settore in cui Angelo Montanaro aveva fermamente creduto.<\/p>\n\n\n\n<p>Con il passare degli anni&nbsp;<strong>Angelo Montanaro<\/strong>&nbsp;non ebbe pi\u00f9 al suo fianco i due fratelli pi\u00f9 giovani,&nbsp;<strong>ma i suoi tre figli<\/strong>: cos\u00ec l&#8217;Azienda un\u00ec l&#8217;esperienza del titolare-fondatore all&#8217;entusiasmo giovanile dei tre figli nel fiore degli anni. E questa \u00e8 la storia, le radici, quel vissuto che spesso ti permette di guardare al domani con maggiore fiducia.<\/p>\n\n\n\n<p>L&#8217;esperienza di cui si diceva prima,&nbsp;<strong>Angelo Montanaro<\/strong>&nbsp;l&#8217;ha trasmessa evidentemente molto bene ai propri figli, perch\u00e9 ora l&#8217;Azienda, ormai che le redini sono passate in mano loro, \u00e8 pi\u00f9 forte che mai: il settore operativo \u00e8 rimasto sempre lo stesso: quello della&nbsp;<strong>costruzione, installazione, collaudo, riparazione e revisione delle macchine enologiche, con prestazioni di assistenza, anche a domicilio<\/strong>.<\/p>\n\n\n\n<p>Anche il settore dell&#8217;<strong>usato la vede fortemente impegnata, con lo sviluppo di un grande lavoro di elezione e distribuzione dell&#8217;usato &#8220;garantito&#8221;<\/strong>&nbsp;per tutte le operazioni enologiche, ad iniziare dalla vinificazione per chiudere con l&#8217;imbottigliamento. Un impegno particolare la &#8220;Fratelli Montanaro&#8221; ha profuso, con risultati lusinghieri, nella costruzione di filtri a piastre, sia a strati filtranti in carta che a farine fossili, venendo incontro alle esigenze delle Aziende di dimensioni pi\u00f9 disparate.<\/p>\n\n\n\n<p>E che dire del futuro? Un dato \u00e8 certo: l&#8217;Azienda oggi \u00e8 in fase di ampliamento e continuer\u00e0 a progredire nella qualit\u00e0 delle proposte, nella professionalit\u00e0 del suo lavoro, nella ricerca di meccanismi sempre pi\u00f9 efficaci per il mondo vitivinicolo.<\/p>\n\n\n\n<p><strong>Cosi sar\u00e0 fedele alla sua filosofia ed alle sue convinzioni, a quella voglia di riscatto e di successo che pi\u00f9 di 60 anni fa permise ad Angelo Montanaro ed ai suoi fratelli di diventare &#8220;padroni&#8221; del proprio lavoro e del proprio futuro.<\/strong><\/p>\n","protected":false},"excerpt":{"rendered":"<p>Ci voleva del coraggio e molta voglia di riscatto nel 1959 ad intraprendere un&#8217;attivit\u00e0 imprenditoriale nell&#8217;ambito meccanico-enologico. Di concreto c&#8217;erano soprattutto le eredit\u00e0 dei decenni precedenti, con la seconda guerra mondiale sopra tutto; ed in prospettiva i segnali di ripresa e di sviluppo che provenivano dalla societ\u00e0 italiana nel suo complesso non avevano ancora posto &hellip; <a href=\"http:\/\/montanaro.da-si.it\/?page_id=211\" class=\"more-link\">Continue reading<span class=\"screen-reader-text\"> &#8220;LA NOSTRA STORIA&#8221;<\/span><\/a><\/p>\n","protected":false},"author":1,"featured_media":0,"parent":0,"menu_order":0,"comment_status":"closed","ping_status":"closed","template":"","meta":{"ngg_post_thumbnail":0,"footnotes":""},"class_list":["post-211","page","type-page","status-publish","hentry"],"lang":"it","translations":{"it":211,"en":350},"pll_sync_post":[],"_links":{"self":[{"href":"http:\/\/montanaro.da-si.it\/index.php?rest_route=\/wp\/v2\/pages\/211","targetHints":{"allow":["GET"]}}],"collection":[{"href":"http:\/\/montanaro.da-si.it\/index.php?rest_route=\/wp\/v2\/pages"}],"about":[{"href":"http:\/\/montanaro.da-si.it\/index.php?rest_route=\/wp\/v2\/types\/page"}],"author":[{"embeddable":true,"href":"http:\/\/montanaro.da-si.it\/index.php?rest_route=\/wp\/v2\/users\/1"}],"replies":[{"embeddable":true,"href":"http:\/\/montanaro.da-si.it\/index.php?rest_route=%2Fwp%2Fv2%2Fcomments&post=211"}],"version-history":[{"count":8,"href":"http:\/\/montanaro.da-si.it\/index.php?rest_route=\/wp\/v2\/pages\/211\/revisions"}],"predecessor-version":[{"id":20913,"href":"http:\/\/montanaro.da-si.it\/index.php?rest_route=\/wp\/v2\/pages\/211\/revisions\/20913"}],"wp:attachment":[{"href":"http:\/\/montanaro.da-si.it\/index.php?rest_route=%2Fwp%2Fv2%2Fmedia&parent=211"}],"curies":[{"name":"wp","href":"https:\/\/api.w.org\/{rel}","templated":true}]}}