{"id":5,"date":"2021-08-12T17:32:43","date_gmt":"2021-08-12T15:32:43","guid":{"rendered":"https:\/\/montanarofratelli.da-si.it\/?page_id=5"},"modified":"2022-01-14T16:36:23","modified_gmt":"2022-01-14T15:36:23","slug":"azienda","status":"publish","type":"page","link":"http:\/\/montanaro.da-si.it\/","title":{"rendered":"AZIENDA MONTANARO F.LLI"},"content":{"rendered":"\n<p>La<strong>&nbsp;MONTANARO F.LLI<\/strong>&nbsp;<strong>Srl &#8211; Officina Macchine Enologiche<\/strong>&nbsp;vanta quasi 60 anni di esperienza nel settore dell&#8217;enologia e dell&#8217;industria delle bevande: viene infatti costituita nel 1959 a&nbsp;<strong>Canelli (AT)<\/strong>.<\/p>\n\n\n\n<p>L&#8217;Azienda entra a far parte del comparto enomeccanico con la costruzione e commercializzazione di attrezzature per l&#8217;industria enologica, dalla vinificazione all&#8217;imbottigliamento, delle bevande ed affini. Con esperienza, ricerca e costante sviluppo nel corso degli anni, ci siamo organizzati per soddisfare le esigenze di tutte le Aziende del settore, grandi o piccole che siano.<\/p>\n\n\n\n<p>Ci siamo quindi specializzati in progettazione e costruzione di filtri a piastre completamente in acciaio inox, sia a strati filtranti in carta, che a farine fossili, microfiltri a cartuccia con e senza by-pass, riempitrici lineari in acciaio inox dotate di filtri o di microfiltri, elettropompe a portata variabile con girante in neoprene anche per liquidi o fluidi densi, agitatori con albero estraibile.<\/p>\n\n\n\n<p>Selezioniamo, ripariamo e commercializziamo&nbsp;<strong>macchine enologiche usate<\/strong>, sempre pronte a magazzino, automatiche e semiautomatiche, dalla vinificazione all&#8217;imbottigliamento. Le macchine sono completamente revisionate in tutte le loro parti nella nostra officina, dotata di efficienti macchinari e vasto magazzino di ricambi: la nostra professionalit\u00e0 e competenza, unita all&#8217;esperienza accumulata nel corso degli anni, garantisce, su questi prodotti, funzionalit\u00e0 e requisiti pari al nuovo.<\/p>\n\n\n\n<p>La&nbsp;<strong>MONTANARO F.LLI<\/strong>&nbsp;effettua qualsiasi tipo di manutenzione su macchine o impianti (anche presso la sede del Cliente) e garantisce nel tempo i ricambi. Possiamo inoltre fornire attrezzature ed impianti nuovi completi (presse, pompe, pigiatrici, serbatoi inox da stoccaggio e vinificazione, raccorderia inox, valvole a sfera e a farfalla, raccordi sanitari DIN, gomma spiralata di tutti i diametri), in quanto rappresentanti di varie ditte.<\/p>\n\n\n\n<p><a href=\"https:\/\/montanarofratelli.com\/wp-content\/uploads\/2021\/12\/A_Nossa_Empresa.pdf\" target=\"_blank\" rel=\"noreferrer noopener\">&nbsp;&nbsp;<img decoding=\"async\" title=\"A Nossa Empresa\" alt=\"A Nossa Empresa\" src=\"\/img\/por.png\" style=\"width: 30px; height: 25px;\">&nbsp;A Nossa Empresa<\/a><\/p>\n\n\n\n<p><a href=\"https:\/\/montanarofratelli.com\/wp-content\/uploads\/2021\/12\/Presentation_de_Notre_Societe.pdf\" target=\"_blank\" rel=\"noreferrer noopener\">&nbsp;&nbsp;<img decoding=\"async\" alt=\"Pr\u00e9sentation de Notre Soci\u00e9t\u00e9\" title=\"Pr\u00e9sentation de Notre Soci\u00e9t\u00e9\" src=\"\/img\/fra.png\" style=\"width: 30px; height: 25px;\">&nbsp;Pr\u00e9sentation de Notre Soci\u00e9t\u00e9<\/a><\/p>\n\n\n\nngg_shortcode_0_placeholder\n\n\n\n<p><\/p>\n","protected":false},"excerpt":{"rendered":"<p>La&nbsp;MONTANARO F.LLI&nbsp;Srl &#8211; Officina Macchine Enologiche&nbsp;vanta quasi 60 anni di esperienza nel settore dell&#8217;enologia e dell&#8217;industria delle bevande: viene infatti costituita nel 1959 a&nbsp;Canelli (AT). L&#8217;Azienda entra a far parte del comparto enomeccanico con la costruzione e commercializzazione di attrezzature per l&#8217;industria enologica, dalla vinificazione all&#8217;imbottigliamento, delle bevande ed affini. Con esperienza, ricerca e costante &hellip; <a href=\"http:\/\/montanaro.da-si.it\/\" class=\"more-link\">Continue reading<span class=\"screen-reader-text\"> &#8220;AZIENDA MONTANARO F.LLI&#8221;<\/span><\/a><\/p>\n","protected":false},"author":1,"featured_media":0,"parent":0,"menu_order":0,"comment_status":"closed","ping_status":"closed","template":"","meta":{"ngg_post_thumbnail":0,"footnotes":""},"class_list":["post-5","page","type-page","status-publish","hentry"],"lang":"it","translations":{"it":5,"en":347},"pll_sync_post":[],"_links":{"self":[{"href":"http:\/\/montanaro.da-si.it\/index.php?rest_route=\/wp\/v2\/pages\/5","targetHints":{"allow":["GET"]}}],"collection":[{"href":"http:\/\/montanaro.da-si.it\/index.php?rest_route=\/wp\/v2\/pages"}],"about":[{"href":"http:\/\/montanaro.da-si.it\/index.php?rest_route=\/wp\/v2\/types\/page"}],"author":[{"embeddable":true,"href":"http:\/\/montanaro.da-si.it\/index.php?rest_route=\/wp\/v2\/users\/1"}],"replies":[{"embeddable":true,"href":"http:\/\/montanaro.da-si.it\/index.php?rest_route=%2Fwp%2Fv2%2Fcomments&post=5"}],"version-history":[{"count":24,"href":"http:\/\/montanaro.da-si.it\/index.php?rest_route=\/wp\/v2\/pages\/5\/revisions"}],"predecessor-version":[{"id":9804,"href":"http:\/\/montanaro.da-si.it\/index.php?rest_route=\/wp\/v2\/pages\/5\/revisions\/9804"}],"wp:attachment":[{"href":"http:\/\/montanaro.da-si.it\/index.php?rest_route=%2Fwp%2Fv2%2Fmedia&parent=5"}],"curies":[{"name":"wp","href":"https:\/\/api.w.org\/{rel}","templated":true}]}}