{"id":7102,"date":"2021-09-28T10:48:16","date_gmt":"2021-09-28T08:48:16","guid":{"rendered":"http:\/\/192.168.0.46\/montanarofratelli\/?page_id=7102"},"modified":"2022-01-14T16:21:12","modified_gmt":"2022-01-14T15:21:12","slug":"privacy-general-data-protection-regulation","status":"publish","type":"page","link":"http:\/\/montanaro.da-si.it\/?page_id=7102","title":{"rendered":"PRIVACY &#038; GENERAL DATA PROTECTION REGULATION"},"content":{"rendered":"\n<p><\/p>\n\n\n\n<p><strong>Informativa per i destinatari dei messaggi di posta elettronica<\/strong><\/p>\n\n\n\n<p>Il contenuto delle e-mail \u00e8 da ritenersi confidenziale. Pertanto, le informazioni in esse o negli eventuali allegati contenute sono riservate esclusivamente ai destinatari. Persone o soggetti diversi dai destinatari stessi, anche ai sensi dell\u2019art. 616 c.p., non sono autorizzate a leggere, copiare, modificare, diffondere il messaggio a terzi. Chi ricevesse una nostra comunicazione per errore non la utilizzi e non la porti a conoscenza di nessuno, ma la elimini dalla sua casella e avvisi il mittente.&nbsp;<br>L&#8217;autenticit\u00e0 del mittente ed i contenuti non sono garantiti, fatta eccezione per i documenti firmati digitalmente. Inoltre, ai sensi dell&#8217;art. 13 del d.lgs. 196\/2003 e art. 13 GDPR 679\/16, informiamo che i nostri archivi comprendono indirizzi di posta elettronica relativi a persone fisiche, aziende, enti con i quali sono intercorse precedenti comunicazioni a mezzo posta elettronica, o con altri mezzi di comunicazione, o che hanno spontaneamente fornito il loro indirizzo di posta elettronica in occasione di contatti diretti. Tali indirizzi sono da noi utilizzati nel rispetto della volont\u00e0 e disponibilit\u00e0 degli interessati a ricevere comunicazioni via posta elettronica dalla nostra societ\u00e0. Informiamo inoltre che tutte le caselle di posta del dominio &#8220;info@montanarofratelli.com \/ amministratore@montanarofratelli.org &#8221; sono caselle aziendali e, in quanto tali, vengono utilizzate per comunicazioni in ambito lavorativo. Pertanto, per esigenze connesse con l&#8217;attivit\u00e0 operativa, qualsiasi messaggio, sia in uscita che in entrata, potrebbe essere letto da soggetti diversi dal mittente e\/o dal destinatario. Nel caso in cui gli interessati desiderassero che il loro indirizzo di posta elettronica venisse rimosso dal nostro archivio, ovvero per l&#8217;esercizio dei diritti di cui all\u2019art. 7 del d.lgs. 196\/2003 e agli artt. 15 \u2013 diritto di accesso, 16 &#8211; diritto di rettifica, 17 \u2013 diritto alla cancellazione, 18 \u2013 diritto alla limitazione del trattamento, 20 \u2013 diritto alla portabilit\u00e0, 21 \u2013 diritto di opposizione, 22 diritto di opposizione al processo decisionale automatizzato del GDPR 679\/16, possono scrivere al Titolare del trattamento&nbsp;<strong>MONTANARO ANDREA&nbsp;<\/strong>di&nbsp;<strong>MONTANARO F.LLI SRL&nbsp;<\/strong>con sede in&nbsp;<strong>VIA CAV. O RICCADONNA, 218, 14053 &#8211; CANELLI<\/strong><\/p>\n\n\n\n<hr class=\"wp-block-separator\"\/>\n\n\n\n<p><a><\/a><strong>Informativa cookies e di navigazione del sito internet (con analizzatori di traffico)<\/strong><\/p>\n\n\n\n<p>La presente informativa viene resa alle persone fisiche che accedono e consultano il sito di&nbsp;<strong>MONTANARO F.LLI SRL&nbsp;<\/strong>,&nbsp;ai sensi dell\u2019art. 13 d. lgs. 30 giugno 2003 n\u00b0 196 &#8211; &#8220;Codice in materia di protezione dei dati personali&#8221; e dell\u2019art. 13 GDPR 679\/16 \u2013 \u201cRegolamento europeo sulla protezione dei dati personali\u201d.&nbsp;<br><br><strong>Identit\u00e0 del Titolare<\/strong><br>Questo sito WEB \u00e8 gestito da&nbsp;<strong>MONTANARO ANDREA&nbsp;<\/strong>, Titolare del trattamento di&nbsp;<strong>MONTANARO F.LLI SRL&nbsp;<\/strong>con sede in&nbsp;<strong>VIA CAV. O RICCADONNA, 218,14053 &#8211; CANELLI<\/strong>.&nbsp;Il Titolare del trattamento garantisce la sicurezza, la riservatezza e la protezione dei dati personali di cui sono in possesso, in qualsiasi fase del processo di trattamento degli stessi. I dati personali raccolti vengono utilizzati nel rispetto del d.lgs. 196\/2003 e del GDPR 679\/16.<\/p>\n\n\n\n<p>Non \u00e8 stato designato il DPO&nbsp;.<br><br><strong>Finalit\u00e0 del trattamento<\/strong><br>I sistemi informatici e le procedure software preposte al funzionamento di questo sito web acquisiscono, nel corso del loro normale esercizio alcuni dati personali la cui trasmissione \u00e8 implicita nell&#8217;uso dei protocolli di comunicazione di internet. Si tratta di informazioni che non sono raccolte per essere associate a interessati identificati, ma che per loro stessa natura potrebbero, attraverso elaborazioni ed associazioni con dati detenuti da terzi, permettere di identificare gli utenti. In questa categoria di dati rientrano gli indirizzi IP o i nomi a dominio dei computer utilizzati dagli utenti che si connettono al sito, gli indirizzi in notazione URI (Uniform Resource Identifier) delle risorse richieste, l&#8217;orario della richiesta, il metodo utilizzato nel sottoporre la richiesta al server, la dimensione del file ottenuto in risposta, il codice numerico indicante lo stato della risposta data dal server (buon fine, errore ..) ed altri parametri relativi al sistema operativo e all&#8217;ambiente informatico dell&#8217;utente. Questi dati vengono utilizzati al solo fine di ricavare informazioni statistiche anonime sull&#8217;uso del sito e per controllarne il corretto funzionamento e vengono cancellati immediatamente dopo l&#8217;elaborazione. I dati potrebbero essere utilizzati per l&#8217;accertamento di responsabilit\u00e0 in caso di ipotetici reati informatici ai danni del sito.&nbsp;<br><br><strong>Base giurdica del trattamento<\/strong><br>L\u2019utilizzo di cookies tecnici \u00e8 un trattamento effettuato nel legittimo interesse del Titolare; l\u2019utilizzo di cookies analitici viene effettuato con il consenso dell\u2019interessato.&nbsp;<br><br><strong>Destinatari dei dati<\/strong><br>Il Titolare del trattamento non comunica alcun dato o informazione di identificazione personale a soggetti terzi se non, eventualmente e per quanto strettamente necessario, a coloro che intervengono in qualit\u00e0 di fornitori per l\u2019erogazione dei servizi inerenti la gestione del sito internet e per la conseguente gestione del rapporto contrattuale e dei relativi adempimenti amministrativi.&nbsp;<br><br><strong>Trasferimento dei dati<\/strong><br>Il Titolare del trattamento non trasferisce i dati personali in paesi terzi o a organizzazioni internazionali.&nbsp;<br><br><strong>Conservazione dei dati<\/strong>&nbsp;<br>Il Titolare del trattamento conserva i dati per il tempo occorrente a ricavare informazioni statistiche anonime sull&#8217;uso del sito e per controllarne il corretto funzionamento. I dati vengono cancellati immediatamente dopo l&#8217;elaborazione.&nbsp;<br><br><strong>Diritti dell\u2019interessato<\/strong><br>Con riferimento all\u2019art. 7 del d.lgs. 196\/2003 e agli artt. 15 \u2013 diritto di accesso, 16 \u2013 diritto di rettifica, 17 \u2013 diritto alla cancellazione, 18 \u2013 diritto alla limitazione del trattamento, 20 \u2013 diritto alla portabilit\u00e0, 21 \u2013 diritto di opposizione, 22 diritto di opposizione al processo decisionale automatizzato del GDPR 679\/16, l\u2019interessato esercita i suoi diritti scrivendo al Titolare del trattamento all\u2019indirizzo sopra riportato, oppure a mezzo email, specificando l\u2019oggetto della sua richiesta, il diritto che intende esercitare e allegando fotocopia di un documento di identit\u00e0 che attesti la legittimit\u00e0 della richiesta.&nbsp;<br><br><strong>Revoca del consenso<\/strong><br>Con riferimento all\u2019art. 23 del d.lgs. 196\/2003 e all\u2019art. 6 del GDPR 679\/16, l\u2019interessato pu\u00f2 revocare il consenso in qualsiasi momento.&nbsp;<br><br><strong>Proposizione di reclamo<\/strong><br>L\u2019interessato ha il diritto di proporre reclamo all\u2019autorit\u00e0 di controllo dello stato di residenza.&nbsp;<br><br><strong>Rifiuto al conferimento dei dati<\/strong><br>L\u2019interessato pu\u00f2 rifiutarsi di conferire al Titolare i suoi dati di navigazione. Per fare ci\u00f2, deve disabilitare i cookies seguendo le istruzioni fornite dal browser in uso. La disabilitazione dei cookies pu\u00f2 peggiorare la navigazione e la fruizione delle funzionalit\u00e0 del sito.&nbsp;<br><br><strong>Processi decisionali automatizzati<\/strong><br>Il Titolare non effettua trattamenti che consistano in processi decisionali automatizzati.&nbsp;<br><br><strong>Tipologie di Cookie<\/strong><br>I cookie sono informazioni immesse sul browser dell\u2019utente quando visiti un sito web o utilizza un social network con il suo pc, smartphone o tablet. Ogni cookie contiene diversi dati come, ad esempio, il nome del server da cui proviene, un identificatore numerico, ecc. I cookie possono rimanere nel sistema per la durata di una sessione (cio\u00e8 fino a che non si chiude il browser utilizzato per la navigazione sul web) o per lunghi periodi e possono contenere un codice identificativo unico.<br><strong>Cookies tecnici<\/strong><br>Alcuni cookie sono usati per eseguire autenticazioni informatiche, monitoraggio di sessioni e memorizzazione di informazioni specifiche sugli utenti che accedono ad una pagina web. Questi cookie, cosiddetti tecnici, sono spesso utili, perch\u00e9 possono rendere pi\u00f9 veloce e rapida la navigazione e fruizione del web, perch\u00e9 ad esempio intervengono a facilitare alcune procedure quando fai acquisti online, quando ti autentichi ad aree ad accesso riservato o quando un sito web riconosce in automatico la lingua che utilizzi di solito. Una particolare tipologia di cookie, detti analytics, sono poi utilizzati dai gestori dei siti web per raccogliere informazioni, in forma aggregata, sul numero degli utenti e su come questi visitano il sito stesso, e quindi elaborare statistiche generali sul servizio e sul suo utilizzo.<br><strong>Cookies di profilazione<\/strong>&nbsp;<br>Altri cookie possono invece essere utilizzati per monitorare e profilare gli utenti durante la navigazione, studiare i loro movimenti e abitudini di consultazione del web o di consumo (cosa comprano, cosa leggono, ecc.), anche allo scopo di inviare pubblicit\u00e0 di servizi mirati e personalizzati (c.d. Behavioural Advertising). Parliamo in questo caso di cookie di profilazione. Pu\u00f2 accadere che una pagina web contenga cookie provenienti da altri siti e contenuti in vari elementi ospitati sulla pagina stessa, come ad esempio banner pubblicitari, immagini, video, ecc. Si tratta dei cosiddetti cookie terze parti, che di solito sono utilizzati a fini di profilazione. Considerata la particolare invasivit\u00e0 che i cookie di profilazione (soprattutto quelli terze parti) possono avere nell&#8217;ambito della sfera privata degli utenti, la normativa europea e italiana prevedono che l&#8217;utente debba essere adeguatamente informato sull&#8217;uso degli stessi ed esprimere il proprio valido consenso all&#8217;inserimento dei cookie sul suo terminale&nbsp;<br><br><strong>Cookies utilizzati<\/strong><br>Il sito https:\/\/www.montanarofratelli.com utilizza i cookies per rendere i servizi del sito pi\u00f9 semplici e efficienti per l\u2019utente che visiona le pagine web. Gli utenti che accedono al sito riceveranno alcune piccolissime quantit\u00e0 di informazioni nei loro dispositivi in uso, siano essi computer o dispositivi mobili, in forma di piccoli file di testo, i \u201ccookie\u201d appunto, memorizzati nelle directory utilizzate dal loro browser. I cookie utilizzati da https:\/\/www.montanarofratelli.com permettono di:<br>&#8211; memorizzare le preferenze di navigazione,<br>&#8211; evitare di reinserire le stesse informazioni pi\u00f9 volte,<br>&#8211; analizzare l\u2019utilizzo dei servizi e dei contenuti forniti dal sito per ottimizzarne l\u2019esperienza di navigazione.<br>Il sito https:\/\/www.montanarofratelli.com utilizza i Google Analytics o Shynistat. In questo caso, le informazioni generate dal cookie sull\u2019utilizzo del sito vengono trasmesse a Google Inc. o a Triboo Data Analytics srl e depositate presso i suoi server. Questi soggetti destinatari dei dati utilizzano queste informazioni allo scopo di produrre report sulle attivit\u00e0 del sito, destinati al Titolare o a soggetti da esso incaricati. \u00c8 possibile rifiutare il conferimento dei dati di navigazione selezionando l\u2019impostazione appropriata sul browser. A tale proposito si rimanda alle informative pubblicate sul sito di Google https:\/\/www.google.it\/intl\/it\/policies\/privacy\/ e alla componente aggiuntiva del browser per la disattivazione di Google Analytics https:\/\/tools.google.com\/dlpage\/gaoptout?hl=it o a https:\/\/www.shinystat.com\/it\/informativa_privacy_generale_app.html. Questa scelta tuttavia, potrebbe impedire di utilizzare tutte le funzionalit\u00e0 del sito. Al contrario, accettando l\u2019utilizzo dei cookies cos\u00ec come sopra descritto e continuando la navigazione, l\u2019utente presta libero e incondizionato consenso al trattamento dei dati personali da parte del Comitato e di Google o Inc.&nbsp;Triboo Data Analytics srl con le modalit\u00e0 e per le finalit\u00e0 sopra indicate. Dal momento in cui l\u2019utente clicca sulle eventuali icone di Facebook, Twitter, Youtube, Instagram ecc., viene indirizzato ai rispettivi siti e riceve da questi dei cookies che non sono sotto il controllo del Titolare. Infine, se l\u2019utente arriva sul sito dopo aver cliccato su un banner pubblicato in un altro sito, deve sapere che il gestore del network pubblicitario ha assegnato dei cookies necessari per rilevare il throughput e l&#8217;ammontare degli eventuali acquisti effettuati. La responsabilit\u00e0 della gestione di questi cookies \u00e8 del gestore del network pubblicitario la cui informativa \u00e8 di norma consultabile sul suo sito istituzionale.<\/p>\n\n\n\n<hr class=\"wp-block-separator\"\/>\n\n\n\n<p><a><\/a><strong>Informativa breve cookies (con Analytics)<\/strong><\/p>\n\n\n\n<p>Questo sito non utilizza cookies di profilazione, n\u00e9 propri n\u00e9 di altri siti. Vengono utilizzati cookies tecnici per consentirti una pi\u00f9 facile fruizione di alcune funzionalit\u00e0 del sito e Google Analytics (o Shyinistat o altri analizzatori di traffico web) per migliorare le funzionalit\u00e0 del sito. L&#8217;informativa dettagliata sulla navigazione di questo sito \u00e8 consultabile premendo sul pulsante \u201cprivacy policy\u201d. Seguendo i link riportati nell&#8217;informativa potrai apprendere le modalit\u00e0 di disattivazione dei Google Analytics (o Shynistat o altri analizzatori di traffico web). L&#8217;informativa dettagliata sulla navigazione di questo sito \u00e8 consultabile premendo sul pulsante \u201cprivacy policy\u201d. Per disattivare i cookies tecnici segui le indicazioni del browser in uso. Premendo sul pulsante \u201cOK\u201d manifesti esplicitamente il consenso all&#8217;uso dei cookies indicati e alla comunicazione dei dati di navigazione alle terze parti (Google, Shinystat o altri).<\/p>\n\n\n\n<hr class=\"wp-block-separator\"\/>\n\n\n\n<p><a><\/a><strong>INFORMATIVA ALLE PERSONE CHE COMPILANO IL FORM &#8220;CONTATTI&#8221;<\/strong><br>La presente informativa viene resa alle persone fisiche che accedono e consultano il sito di&nbsp;<strong>MONTANARO F.LLI SRL&nbsp;<\/strong>,&nbsp;ai sensi dell\u2019art. 13 d. lgs. 30 giugno 2003 n\u00b0 196 &#8211; &#8220;Codice in materia di protezione dei dati personali&#8221; e dell\u2019art. 13 GDPR 679\/16 \u2013 \u201cRegolamento europeo sulla protezione dei dati personali\u201d.&nbsp;<br><strong>Identit\u00e0 del Titolare<br><\/strong>Questo sito WEB \u00e8 gestito da&nbsp;<strong>MONTANARO ANDREA&nbsp;<\/strong>, Titolare del trattamento di&nbsp;<strong>MONTANARO F.LLI SRL&nbsp;<\/strong>con sede in&nbsp;<strong>VIA CAV. O RICCADONNA, 218, 14053 &#8211; CANELLI<\/strong>.&nbsp;Il Titolare del trattamento garantisce la sicurezza, la riservatezza e la protezione dei dati personali di cui sono in possesso, in qualsiasi fase del processo di trattamento degli stessi. I dati personali raccolti vengono utilizzati nel rispetto del d.lgs. 196\/2003 e del GDPR 679\/16.<br>Non \u00e8 stato designato il DPO&nbsp;.<br><strong>Soggetti interessati<\/strong><br>La presente informativa viene resa alle persone fisiche che compilano il modulo (form) \u201cContatti\u201d proposto dal sito www.montanarofratelli.com di MONTANARO F.LLI SRL con sede in VIA CAV. O RICCADONNA, 218 &#8211; 14053 &#8211; CANELLI.<br><strong>Fonte dei dati<br><\/strong>I dati vengono conferiti spontaneamente dall\u2019interessato attraverso il modulo (form) proposto dal sito internet www.montanarofratelli.com.<br><strong>Finalit\u00e0 del trattamento<\/strong><br>I dati personali delle persone fisiche che compilano il form \u201cContatti\u201d sono trattati per evadere le loro richieste.<br><strong>Base giuridica del trattamento<\/strong><br>I dati personali delle persone fisiche che compilano il form \u201cContatti\u201d sono lecitamente trattati per l&#8217;esecuzione di un contratto di cui l&#8217;interessato \u00e8 parte o esecuzione di misure precontrattuali adottate su richiesta dello stesso (la richiesta inoltrata);<br><strong>Destinatari dei dati&nbsp;<\/strong><br>I dati personali trattati dal Titolare non saranno diffusi, ovvero non ne verr\u00e0 data conoscenza a soggetti indeterminati, in nessuna possibile forma, inclusa quella della loro messa a disposizione o semplice consultazione. Potranno altres\u00ec essere comunicati ai collaboratori di MONTANARO F.LLI SRL e, nei limiti strettamente necessari, ai soggetti che per finalit\u00e0 di evasione della vostra richiesta debbano fornire beni e\/o eseguire su nostro incarico prestazioni o servizi. Infine, potranno essere comunicati ai soggetti legittimati ad accedervi in forza di disposizioni di legge, regolamenti, normative comunitarie.<br><strong>Trasferimento dei dati&nbsp;<\/strong><br>Il Titolare del trattamento non trasferisce i dati personali in paesi terzi o a organizzazioni internazionali.&nbsp;<br>Tuttavia, si riserva la possibilit\u00e0 di utilizzare servizi in cloud; nel qual caso, i fornitori dei servizi saranno selezionati tra coloro che forniscono garanzie adeguate, cos\u00ec come previsto dall&#8217;art. 46 GDPR 679\/16.<br><strong>Conservazione dei dati&nbsp;<br><\/strong>Il Titolare del trattamento conserva e tratta i dati personali per il tempo necessario ad adempiere alle finalit\u00e0 indicate.<br><strong>Diritti dell&#8217;interessato<\/strong><br>Con riferimento all\u2019art. 7 del d.lgs. 196\/2003 e agli artt. 15 \u2013 diritto di accesso, 16 \u2013 diritto di rettifica, 17 \u2013 diritto alla cancellazione, 18 \u2013 diritto alla limitazione del trattamento, 20 \u2013 diritto alla portabilit\u00e0, 21 \u2013 diritto di opposizione, 22 diritto di opposizione al processo decisionale automatizzato del GDPR 679\/16, l\u2019interessato esercita i suoi diritti scrivendo al Titolare del trattamento all\u2019indirizzo sopra riportato, oppure a mezzo email, specificando l\u2019oggetto della sua richiesta, il diritto che intende esercitare e allegando fotocopia di un documento di identit\u00e0 che attesti la legittimit\u00e0 della richiesta.<br><strong>Revoca del consenso<\/strong><br>Con riferimento all\u2019art. 23 del d.lgs. 196\/2003 e all\u2019art. 6 del GDPR 679\/16, l\u2019interessato pu\u00f2 revocare il consenso in qualsiasi momento.<\/p>\n\n\n\n<p><strong>Proposizione di reclamo<\/strong><br>L\u2019interessato ha il diritto di proporre reclamo all\u2019autorit\u00e0 di controllo dello stato di residenza.<br><strong>Rifiuto al conferimento dei dati&nbsp;<\/strong><br>L&#8217;interessato pu\u00f2 rifiutarsi di conferire al Titolare i suoi dati personali poich\u00e9 Il conferimento \u00e8 facoltativo.<br>Tuttavia, la compilazione dei campi indicati \u00e8 indispensabile per poter evadere le richieste pervenute.<br><strong>Processi decisionali automatizzati<\/strong><br>Il Titolare non effettua trattamenti che consistano in processi decisionali automatizzati.<\/p>\n\n\n\n<hr class=\"wp-block-separator\"\/>\n\n\n\n<p><strong>Informativa newsletter<\/strong><\/p>\n\n\n\n<p>La presente informativa viene resa alle persone fisiche che accedono e consultano il sito di&nbsp;<strong>MONTANARO F.LLI SRL&nbsp;<\/strong>, ai sensi dell\u2019art. 13 d. lgs. 30 giugno 2003 n\u00b0 196 &#8211; &#8220;Codice in materia di protezione dei dati personali&#8221; e dell\u2019art. 13 GDPR 679\/16 \u2013 \u201cRegolamento europeo sulla protezione dei dati personali\u201d.<\/p>\n\n\n\n<p><strong>Identit\u00e0 del Titolare<\/strong><br>Questo sito WEB \u00e8 gestito da&nbsp;<strong>MONTANARO ANDREA&nbsp;<\/strong>, Titolare del trattamento di&nbsp;<strong>MONTANARO F.LLI SRL&nbsp;<\/strong>con sede in&nbsp;<strong>VIA CAV. O RICCADONNA, 218<\/strong>,<strong>14053<\/strong>&nbsp;&#8211;&nbsp;<strong>CANELLI<\/strong>. Il Titolare del trattamento garantisce la sicurezza, la riservatezza e la protezione dei dati personali di cui sono in possesso, in qualsiasi fase del processo di trattamento degli stessi. I dati personali raccolti vengono utilizzati nel rispetto del d.lgs. 196\/2003 e del GDPR 679\/16.<\/p>\n\n\n\n<p>Non \u00e8 stato designato il DPO&nbsp;.<\/p>\n\n\n\n<p><strong>Soggetti interessati<\/strong><br>La presente informativa viene resa alle&nbsp;<strong>persone fisiche<\/strong>&nbsp;che sottoscrivono la newsletter proposta dal sito di&nbsp;<strong>MONTANARO F.LLI SRL&nbsp;<\/strong>.<br><strong>Fonte dei dati<br><\/strong>I dati vengono conferiti spontaneamente dall\u2019interessato attraverso la compilazione dei campi della proposta di iscrizione alla newsletter.<strong>&nbsp;<\/strong><br><strong>Finalit\u00e0 del trattamento<\/strong><br>I dati personali delle persone fisiche che sottoscrivono la newsletter sono trattati per per inviare a mezzo posta elettronica la newsletter richiesta e per consentire loro di far cessare l&#8217;invio, ovvero di cancellarsi dalla lista dei destinatari.<br><strong><br>Base giuridica del trattamento<\/strong><br>I dati personali delle persone fisiche che sottoscrivono la newsletter sono lecitamente trattati per l&#8217;esecuzione di un contratto di cui l&#8217;interessato \u00e8 parte o esecuzione di misure precontrattuali adottate su richiesta dello stesso (la richiesta e la conclusione di eventuali acquisti).<br><br><strong>Destinatari dei dati&nbsp;<\/strong><br>I dati personali trattati dal Titolare non saranno diffusi, ovvero non ne verr\u00e0 data conoscenza a soggetti indeterminati, in nessuna possibile forma, inclusa quella della loro messa a disposizione o semplice consultazione. Potranno essere comunicati, nei limiti strettamente necessari, ai soggetti che per finalit\u00e0 di evasione della vostra richiesta debbano fornire beni e\/o eseguire su nostro incarico prestazioni o servizi. Infine, potranno essere comunicati ai soggetti legittimati ad accedervi in forza di disposizioni di legge, regolamenti, normative comunitarie.<br>In particolare, sulla base dei ruoli e delle mansioni lavorative espletate, alcuni lavoratori di&nbsp;<strong>MONTANARO F.LLI SRL&nbsp;<\/strong>&nbsp;sono stati legittimati a trattare i dati personali, nei limiti delle loro competenze ed in conformit\u00e0 alle istruzioni ad essi impartite dal Titolare.<br><br><strong>Conservazione dei dati&nbsp;<\/strong><br>Il Titolare del trattamento conserva e tratta i dati personali per il tempo necessario ad adempiere alle finalit\u00e0 indicate.<br><strong>Diritti dell\u2019interessato<\/strong><br>Con riferimento all\u2019art. 7 del d.lgs. 196\/2003 e agli artt. 15 \u2013 diritto di accesso, 16 \u2013 diritto di rettifica, 17 \u2013 diritto alla cancellazione, 18 \u2013 diritto alla limitazione del trattamento, 20 \u2013 diritto alla portabilit\u00e0, 21 \u2013 diritto di opposizione, 22 diritto di opposizione al processo decisionale automatizzato del GDPR 679\/16, l\u2019interessato esercita i suoi diritti scrivendo al Titolare del trattamento all\u2019indirizzo sopra riportato, oppure a mezzo email, specificando l\u2019oggetto della sua richiesta, il diritto che intende esercitare e allegando fotocopia di un documento di identit\u00e0 che attesti la legittimit\u00e0 della richiesta.<br><strong>Revoca del consenso<\/strong><br>Con riferimento all\u2019art. 23 del d.lgs. 196\/2003 e all\u2019art. 6 del GDPR 679\/16, l\u2019interessato pu\u00f2 revocare il consenso in qualsiasi momento.&nbsp;<br><br><strong>Proposizione di reclamo<br><\/strong>L\u2019interessato ha il diritto di proporre reclamo all\u2019autorit\u00e0 di controllo dello stato di residenza.<br><strong>Rifiuto al conferimento dei dati&nbsp;<\/strong><br>L&#8217;interessato pu\u00f2 rifiutarsi di conferire al Titolare i suoi dati personali poich\u00e9 Il conferimento \u00e8 facoltativo.<br>Tuttavia, la compilazione dei campi indicati \u00e8 indispensabile per poter ricevere la newsletter richiesta.<br><strong>Processi decisionali automatizzati<\/strong><br>Il Titolare non effettua trattamenti che consistano in processi decisionali automatizzati.<\/p>\n","protected":false},"excerpt":{"rendered":"<p>Informativa per i destinatari dei messaggi di posta elettronica Il contenuto delle e-mail \u00e8 da ritenersi confidenziale. Pertanto, le informazioni in esse o negli eventuali allegati contenute sono riservate esclusivamente ai destinatari. Persone o soggetti diversi dai destinatari stessi, anche ai sensi dell\u2019art. 616 c.p., non sono autorizzate a leggere, copiare, modificare, diffondere il messaggio &hellip; <a href=\"http:\/\/montanaro.da-si.it\/?page_id=7102\" class=\"more-link\">Continue reading<span class=\"screen-reader-text\"> &#8220;PRIVACY &#038; GENERAL DATA PROTECTION REGULATION&#8221;<\/span><\/a><\/p>\n","protected":false},"author":1,"featured_media":0,"parent":0,"menu_order":0,"comment_status":"closed","ping_status":"closed","template":"","meta":{"ngg_post_thumbnail":0,"footnotes":""},"class_list":["post-7102","page","type-page","status-publish","hentry"],"lang":"it","translations":{"it":7102,"en":7104},"pll_sync_post":[],"_links":{"self":[{"href":"http:\/\/montanaro.da-si.it\/index.php?rest_route=\/wp\/v2\/pages\/7102","targetHints":{"allow":["GET"]}}],"collection":[{"href":"http:\/\/montanaro.da-si.it\/index.php?rest_route=\/wp\/v2\/pages"}],"about":[{"href":"http:\/\/montanaro.da-si.it\/index.php?rest_route=\/wp\/v2\/types\/page"}],"author":[{"embeddable":true,"href":"http:\/\/montanaro.da-si.it\/index.php?rest_route=\/wp\/v2\/users\/1"}],"replies":[{"embeddable":true,"href":"http:\/\/montanaro.da-si.it\/index.php?rest_route=%2Fwp%2Fv2%2Fcomments&post=7102"}],"version-history":[{"count":2,"href":"http:\/\/montanaro.da-si.it\/index.php?rest_route=\/wp\/v2\/pages\/7102\/revisions"}],"predecessor-version":[{"id":9801,"href":"http:\/\/montanaro.da-si.it\/index.php?rest_route=\/wp\/v2\/pages\/7102\/revisions\/9801"}],"wp:attachment":[{"href":"http:\/\/montanaro.da-si.it\/index.php?rest_route=%2Fwp%2Fv2%2Fmedia&parent=7102"}],"curies":[{"name":"wp","href":"https:\/\/api.w.org\/{rel}","templated":true}]}}