{"id":12537,"date":"2022-05-18T08:32:45","date_gmt":"2022-05-18T06:32:45","guid":{"rendered":"https:\/\/montanarofratelli.com\/?post_type=product&#038;p=12537"},"modified":"2023-01-21T11:29:19","modified_gmt":"2023-01-21T10:29:19","slug":"chiarificatrice-centrifuga-a-pulizia-manuale-modello-imma-micro-macchina-usata","status":"publish","type":"product","link":"http:\/\/montanaro.da-si.it\/?product=chiarificatrice-centrifuga-a-pulizia-manuale-modello-imma-micro-macchina-usata","title":{"rendered":"CHIARIFICATRICE CENTRIFUGA A PULIZIA MANUALE MODELLO \u201cIMMA MICRO&#8221;, MACCHINA USATA"},"content":{"rendered":"<p>Chiarificatrice Centrifuga a pulizia manuale modello \u201cImma MICRO&#8221; , adatta  alla lavorazione di vino torbido con sostanze solide in sospensione per una produzione di circa 1500\/2000 litri ora. Macchina composta da girante in acciaio inox a 5 cestelli, rubinetteria ed indicatore di portata oraria per controllo produzione, apparecchiatura elettrica a norme CE, con amperometro per controllo assorbimento, motore 380 Volt Trifase HP 6\/ KW 4,5. Giri del tamburo al minuto 5000 circa.<br \/>\nLa pulizia del tamburo ed i relativi cestelli, avviene manualmente, quando il tamburo della macchina \u00e8 pieno di sedimenti; a questo punto la macchina viene fermata, dopodich\u00e9 smontato il tamburo si pulisce manualmente dei sedimenti (Feccia), poi si rimonta il tutto e si riavvia la macchina per un nuovo ciclo di centrifugazione.<br \/>\nDopo una lavorazione di circa 15\/20 hl di mosto molto torbido \u00e8 necessario effettuare il fermo macchina e procedere con una pulizia manuale. Questa operazione pu\u00f2 variare a secondo della torbidit\u00e0 del mosto o vino che si sta centrifugando.<\/p>\n<p>Macchina revisionata totalmente e riverniciata.<\/p>\n","protected":false},"excerpt":{"rendered":"<p>Chiarificatrice Centrifuga a pulizia manuale modello \u201cImma MICRO&#8221; , adatta alla lavorazione di vino torbido con sostanze solide in sospensione per una produzione di circa 1500\/2000 litri ora. Macchina composta da girante in acciaio inox a 5 cestelli, rubinetteria ed indicatore di portata oraria per controllo produzione, apparecchiatura elettrica a norme CE, con amperometro per &hellip; <a href=\"http:\/\/montanaro.da-si.it\/?product=chiarificatrice-centrifuga-a-pulizia-manuale-modello-imma-micro-macchina-usata\" class=\"more-link\">Continue reading<span class=\"screen-reader-text\"> &#8220;CHIARIFICATRICE CENTRIFUGA A PULIZIA MANUALE MODELLO \u201cIMMA MICRO&#8221;, MACCHINA USATA&#8221;<\/span><\/a><\/p>\n","protected":false},"featured_media":12538,"comment_status":"closed","ping_status":"closed","template":"","meta":{"ngg_post_thumbnail":0},"product_brand":[],"product_cat":[83],"product_tag":[],"class_list":{"0":"post-12537","1":"product","2":"type-product","3":"status-publish","4":"has-post-thumbnail","6":"product_cat-centrifughe-separatori-centrifughi","8":"first","9":"instock","10":"shipping-taxable","11":"product-type-simple"},"lang":"it","translations":{"it":12537,"en":12546},"pll_sync_post":[],"_links":{"self":[{"href":"http:\/\/montanaro.da-si.it\/index.php?rest_route=\/wp\/v2\/product\/12537","targetHints":{"allow":["GET"]}}],"collection":[{"href":"http:\/\/montanaro.da-si.it\/index.php?rest_route=\/wp\/v2\/product"}],"about":[{"href":"http:\/\/montanaro.da-si.it\/index.php?rest_route=\/wp\/v2\/types\/product"}],"replies":[{"embeddable":true,"href":"http:\/\/montanaro.da-si.it\/index.php?rest_route=%2Fwp%2Fv2%2Fcomments&post=12537"}],"wp:featuredmedia":[{"embeddable":true,"href":"http:\/\/montanaro.da-si.it\/index.php?rest_route=\/wp\/v2\/media\/12538"}],"wp:attachment":[{"href":"http:\/\/montanaro.da-si.it\/index.php?rest_route=%2Fwp%2Fv2%2Fmedia&parent=12537"}],"wp:term":[{"taxonomy":"product_brand","embeddable":true,"href":"http:\/\/montanaro.da-si.it\/index.php?rest_route=%2Fwp%2Fv2%2Fproduct_brand&post=12537"},{"taxonomy":"product_cat","embeddable":true,"href":"http:\/\/montanaro.da-si.it\/index.php?rest_route=%2Fwp%2Fv2%2Fproduct_cat&post=12537"},{"taxonomy":"product_tag","embeddable":true,"href":"http:\/\/montanaro.da-si.it\/index.php?rest_route=%2Fwp%2Fv2%2Fproduct_tag&post=12537"}],"curies":[{"name":"wp","href":"https:\/\/api.w.org\/{rel}","templated":true}]}}