{"id":1255,"date":"2023-05-16T14:30:29","date_gmt":"2023-05-16T12:30:29","guid":{"rendered":"https:\/\/montanarofratelli.da-si.it\/?post_type=product&#038;p=1255"},"modified":"2024-06-27T17:23:12","modified_gmt":"2024-06-27T15:23:12","slug":"filling-machine-fimer-54-valves-second-hand-machine","status":"publish","type":"product","link":"http:\/\/montanaro.da-si.it\/?product=filling-machine-fimer-54-valves-second-hand-machine&lang=en","title":{"rendered":"FILLING MACHINE FIMER 54 VALVES SECOND-HAND MACHINE"},"content":{"rendered":"<p>Filling Machine Fimer, with a 54 valves, slight depression, mechanical spring pistons raise bottle, control board with inverter. Stainless steel base, with safety guards. Direction work, from left to right. With some sizes glass bottle cylindrical &#8211; \u00d878 &#8211; \u00d882- \u00d887- square bottle size. Valves \u00d8 15, step 130. Production: 8.000\/10.000 b\/h about. Complete of stainless steel centrifugal pump, with control board and inverter for to feed product. Dimensions: Length 3000 mm X Width 3400 mm X Height 2600 mm. Weight: KG 6000 about. The equipment is in a good mechanic and esthetic condition, it was always checked and kept efficient in all its parts.<\/p>\n<p>&nbsp;<\/p>\n","protected":false},"excerpt":{"rendered":"<p>Filling Machine Fimer, with a 54 valves, slight depression, mechanical spring pistons raise bottle, control board with inverter. Stainless steel base, with safety guards. Direction work, from left to right. With some sizes glass bottle cylindrical &#8211; \u00d878 &#8211; \u00d882- \u00d887- square bottle size. Valves \u00d8 15, step 130. Production: 8.000\/10.000 b\/h about. Complete of &hellip; <a href=\"http:\/\/montanaro.da-si.it\/?product=filling-machine-fimer-54-valves-second-hand-machine&#038;lang=en\" class=\"more-link\">Continue reading<span class=\"screen-reader-text\"> &#8220;FILLING MACHINE FIMER 54 VALVES SECOND-HAND MACHINE&#8221;<\/span><\/a><\/p>\n","protected":false},"featured_media":5790,"comment_status":"closed","ping_status":"closed","template":"","meta":{"ngg_post_thumbnail":0},"product_brand":[],"product_cat":[407],"product_tag":[],"class_list":{"0":"post-1255","1":"product","2":"type-product","3":"status-publish","4":"has-post-thumbnail","6":"product_cat-automatic-and-semi-automatic-filler-machine","8":"first","9":"instock","10":"shipping-taxable","11":"product-type-simple"},"lang":"en","translations":{"en":1255,"it":690},"pll_sync_post":[],"_links":{"self":[{"href":"http:\/\/montanaro.da-si.it\/index.php?rest_route=\/wp\/v2\/product\/1255","targetHints":{"allow":["GET"]}}],"collection":[{"href":"http:\/\/montanaro.da-si.it\/index.php?rest_route=\/wp\/v2\/product"}],"about":[{"href":"http:\/\/montanaro.da-si.it\/index.php?rest_route=\/wp\/v2\/types\/product"}],"replies":[{"embeddable":true,"href":"http:\/\/montanaro.da-si.it\/index.php?rest_route=%2Fwp%2Fv2%2Fcomments&post=1255"}],"wp:featuredmedia":[{"embeddable":true,"href":"http:\/\/montanaro.da-si.it\/index.php?rest_route=\/wp\/v2\/media\/5790"}],"wp:attachment":[{"href":"http:\/\/montanaro.da-si.it\/index.php?rest_route=%2Fwp%2Fv2%2Fmedia&parent=1255"}],"wp:term":[{"taxonomy":"product_brand","embeddable":true,"href":"http:\/\/montanaro.da-si.it\/index.php?rest_route=%2Fwp%2Fv2%2Fproduct_brand&post=1255"},{"taxonomy":"product_cat","embeddable":true,"href":"http:\/\/montanaro.da-si.it\/index.php?rest_route=%2Fwp%2Fv2%2Fproduct_cat&post=1255"},{"taxonomy":"product_tag","embeddable":true,"href":"http:\/\/montanaro.da-si.it\/index.php?rest_route=%2Fwp%2Fv2%2Fproduct_tag&post=1255"}],"curies":[{"name":"wp","href":"https:\/\/api.w.org\/{rel}","templated":true}]}}