{"id":18780,"date":"2023-04-18T09:53:03","date_gmt":"2023-04-18T07:53:03","guid":{"rendered":"https:\/\/montanarofratelli.com\/?post_type=product&#038;p=18780"},"modified":"2024-06-28T11:27:04","modified_gmt":"2024-06-28T09:27:04","slug":"distributore-omb-modello-d-2000-anno-2013-macchina-usata","status":"publish","type":"product","link":"http:\/\/montanaro.da-si.it\/?product=distributore-omb-modello-d-2000-anno-2013-macchina-usata","title":{"rendered":"DISTRIBUTORE OMB, MODELLO D 2000, ANNO 2013, MACCHINA USATA"},"content":{"rendered":"<p>Distributore OMB, modello D 2000  &#8211; Anno 2013, per capsule polilaminato con rullatore. Alimentazione capsule a doppio plateau.<br \/>\nBasamento in acciaio inox, completo di protezioni di sicurezza.<br \/>\nRegolazione elettronica velocit\u00e0 a mezzo inverter.<br \/>\nLibretto uso e manutenzione e schema elettrico.<br \/>\nFormati disponibili per bottiglia in vetro cilindrica: \u00d8 78, \u00d8 83, \u00d8 110<br \/>\nDimensioni: Lunghezza 2300mm x Larghezza 950mm x H 1900mm circa<br \/>\nPeso Kg 500 circa.<\/p>\n<p>Attrezzatura usata in buone condizioni, funzionante.<\/p>\n","protected":false},"excerpt":{"rendered":"<p>Distributore OMB, modello D 2000 &#8211; Anno 2013, per capsule polilaminato con rullatore. Alimentazione capsule a doppio plateau. Basamento in acciaio inox, completo di protezioni di sicurezza. Regolazione elettronica velocit\u00e0 a mezzo inverter. Libretto uso e manutenzione e schema elettrico. Formati disponibili per bottiglia in vetro cilindrica: \u00d8 78, \u00d8 83, \u00d8 110 Dimensioni: Lunghezza &hellip; <a href=\"http:\/\/montanaro.da-si.it\/?product=distributore-omb-modello-d-2000-anno-2013-macchina-usata\" class=\"more-link\">Continue reading<span class=\"screen-reader-text\"> &#8220;DISTRIBUTORE OMB, MODELLO D 2000, ANNO 2013, MACCHINA USATA&#8221;<\/span><\/a><\/p>\n","protected":false},"featured_media":18781,"comment_status":"closed","ping_status":"closed","template":"","meta":{"ngg_post_thumbnail":0},"product_brand":[],"product_cat":[87,4420],"product_tag":[],"class_list":{"0":"post-18780","1":"product","2":"type-product","3":"status-publish","4":"has-post-thumbnail","6":"product_cat-distributori-di-capsule","7":"product_cat-etichettatrici-adesive","9":"first","10":"instock","11":"shipping-taxable","12":"product-type-simple"},"lang":"it","translations":{"it":18780,"en":18799},"pll_sync_post":[],"_links":{"self":[{"href":"http:\/\/montanaro.da-si.it\/index.php?rest_route=\/wp\/v2\/product\/18780","targetHints":{"allow":["GET"]}}],"collection":[{"href":"http:\/\/montanaro.da-si.it\/index.php?rest_route=\/wp\/v2\/product"}],"about":[{"href":"http:\/\/montanaro.da-si.it\/index.php?rest_route=\/wp\/v2\/types\/product"}],"replies":[{"embeddable":true,"href":"http:\/\/montanaro.da-si.it\/index.php?rest_route=%2Fwp%2Fv2%2Fcomments&post=18780"}],"wp:featuredmedia":[{"embeddable":true,"href":"http:\/\/montanaro.da-si.it\/index.php?rest_route=\/wp\/v2\/media\/18781"}],"wp:attachment":[{"href":"http:\/\/montanaro.da-si.it\/index.php?rest_route=%2Fwp%2Fv2%2Fmedia&parent=18780"}],"wp:term":[{"taxonomy":"product_brand","embeddable":true,"href":"http:\/\/montanaro.da-si.it\/index.php?rest_route=%2Fwp%2Fv2%2Fproduct_brand&post=18780"},{"taxonomy":"product_cat","embeddable":true,"href":"http:\/\/montanaro.da-si.it\/index.php?rest_route=%2Fwp%2Fv2%2Fproduct_cat&post=18780"},{"taxonomy":"product_tag","embeddable":true,"href":"http:\/\/montanaro.da-si.it\/index.php?rest_route=%2Fwp%2Fv2%2Fproduct_tag&post=18780"}],"curies":[{"name":"wp","href":"https:\/\/api.w.org\/{rel}","templated":true}]}}