{"id":690,"date":"2023-05-16T14:30:27","date_gmt":"2023-05-16T12:30:27","guid":{"rendered":"https:\/\/montanarofratelli.da-si.it\/?post_type=product&#038;p=690"},"modified":"2024-06-27T17:23:12","modified_gmt":"2024-06-27T15:23:12","slug":"riempitrice-fimer-a-54-rubinetti-macchina-usata","status":"publish","type":"product","link":"http:\/\/montanaro.da-si.it\/?product=riempitrice-fimer-a-54-rubinetti-macchina-usata","title":{"rendered":"RIEMPITRICE FIMER A 54 RUBINETTI MACCHINA USATA"},"content":{"rendered":"<p>Riempitrice Fimer a 54 rubinetti, riempimento a leggera depressione, pistoni alza bottiglia meccanici a molla, quadro elettrico con inverter. Basamento in acciaio inox con protezioni di sicurezza. Senso di marcia orario da SX verso DX. Completa di formati bottiglia cilindrica in vetro \u00d8 87- \u00d8 82- \u00d8 78 e formato bottiglia quadra. Rubinetto \u00d8 15, passo 130. Produzione: 8.000\/10.000 b\/h circa Anno: non disponibile Completa di pompa centrifuga in acciaio inox con quadro elettrico e inverter per la gestione alimentazione prodotto. Dimensioni: Larghezza 3000mm x Lunghezza 3400mmm x H 2600mm Peso Kg: 6000 circa. La macchina si trova in ottime condizioni meccaniche ed estetiche, \u00e8 sempre stata manutentata e tenuta efficiente in tutte le sue parti.<\/p>\n","protected":false},"excerpt":{"rendered":"<p>Riempitrice Fimer a 54 rubinetti, riempimento a leggera depressione, pistoni alza bottiglia meccanici a molla, quadro elettrico con inverter. Basamento in acciaio inox con protezioni di sicurezza. Senso di marcia orario da SX verso DX. Completa di formati bottiglia cilindrica in vetro \u00d8 87- \u00d8 82- \u00d8 78 e formato bottiglia quadra. Rubinetto \u00d8 15, &hellip; <a href=\"http:\/\/montanaro.da-si.it\/?product=riempitrice-fimer-a-54-rubinetti-macchina-usata\" class=\"more-link\">Continue reading<span class=\"screen-reader-text\"> &#8220;RIEMPITRICE FIMER A 54 RUBINETTI MACCHINA USATA&#8221;<\/span><\/a><\/p>\n","protected":false},"featured_media":5765,"comment_status":"closed","ping_status":"closed","template":"","meta":{"ngg_post_thumbnail":0},"product_brand":[],"product_cat":[121],"product_tag":[],"class_list":{"0":"post-690","1":"product","2":"type-product","3":"status-publish","4":"has-post-thumbnail","6":"product_cat-riempitrici-automatiche-e-semiautomatiche","8":"first","9":"instock","10":"shipping-taxable","11":"product-type-simple"},"lang":"it","translations":{"it":690,"en":1255},"pll_sync_post":[],"_links":{"self":[{"href":"http:\/\/montanaro.da-si.it\/index.php?rest_route=\/wp\/v2\/product\/690","targetHints":{"allow":["GET"]}}],"collection":[{"href":"http:\/\/montanaro.da-si.it\/index.php?rest_route=\/wp\/v2\/product"}],"about":[{"href":"http:\/\/montanaro.da-si.it\/index.php?rest_route=\/wp\/v2\/types\/product"}],"replies":[{"embeddable":true,"href":"http:\/\/montanaro.da-si.it\/index.php?rest_route=%2Fwp%2Fv2%2Fcomments&post=690"}],"wp:featuredmedia":[{"embeddable":true,"href":"http:\/\/montanaro.da-si.it\/index.php?rest_route=\/wp\/v2\/media\/5765"}],"wp:attachment":[{"href":"http:\/\/montanaro.da-si.it\/index.php?rest_route=%2Fwp%2Fv2%2Fmedia&parent=690"}],"wp:term":[{"taxonomy":"product_brand","embeddable":true,"href":"http:\/\/montanaro.da-si.it\/index.php?rest_route=%2Fwp%2Fv2%2Fproduct_brand&post=690"},{"taxonomy":"product_cat","embeddable":true,"href":"http:\/\/montanaro.da-si.it\/index.php?rest_route=%2Fwp%2Fv2%2Fproduct_cat&post=690"},{"taxonomy":"product_tag","embeddable":true,"href":"http:\/\/montanaro.da-si.it\/index.php?rest_route=%2Fwp%2Fv2%2Fproduct_tag&post=690"}],"curies":[{"name":"wp","href":"https:\/\/api.w.org\/{rel}","templated":true}]}}